{"id":1368,"date":"2024-08-22T11:56:15","date_gmt":"2024-08-22T11:56:15","guid":{"rendered":"https:\/\/peetzcoaching.de\/about\/"},"modified":"2025-08-26T21:11:59","modified_gmt":"2025-08-26T21:11:59","slug":"about","status":"publish","type":"page","link":"https:\/\/peetzcoaching.de\/en\/about\/","title":{"rendered":"About me"},"content":{"rendered":"<div class=\"wp-block-uagb-container uagb-block-318b6e29 alignfull uagb-is-root-container\"><div class=\"uagb-container-inner-blocks-wrap\">\n<div class=\"wp-block-uagb-advanced-heading uagb-block-3af8b3e9\"><div class=\"uagb-separator\"><\/div><h2 class=\"uagb-heading-text\">About me<\/h2><\/div>\n\n\n\n<div class=\"wp-block-uagb-container uagb-block-4fce65b9\">\n<div class=\"wp-block-uagb-container uagb-block-af381a64\">\n<div class=\"wp-block-columns is-layout-flex wp-container-core-columns-is-layout-28f84493 wp-block-columns-is-layout-flex\">\n<div class=\"wp-block-column is-layout-flow wp-block-column-is-layout-flow\" style=\"flex-basis:100%\">\n<figure class=\"wp-block-image size-large\"><img loading=\"lazy\" decoding=\"async\" width=\"847\" height=\"1024\" src=\"https:\/\/peetzcoaching.de\/wp-content\/uploads\/2025\/08\/Birgit-vor-Tablet-847x1024.png\" alt=\"\" class=\"wp-image-2954\" srcset=\"https:\/\/peetzcoaching.de\/wp-content\/uploads\/2025\/08\/Birgit-vor-Tablet-847x1024.png 847w, https:\/\/peetzcoaching.de\/wp-content\/uploads\/2025\/08\/Birgit-vor-Tablet-248x300.png 248w, https:\/\/peetzcoaching.de\/wp-content\/uploads\/2025\/08\/Birgit-vor-Tablet-768x928.png 768w, https:\/\/peetzcoaching.de\/wp-content\/uploads\/2025\/08\/Birgit-vor-Tablet-1271x1536.png 1271w, https:\/\/peetzcoaching.de\/wp-content\/uploads\/2025\/08\/Birgit-vor-Tablet-1694x2048.png 1694w, https:\/\/peetzcoaching.de\/wp-content\/uploads\/2025\/08\/Birgit-vor-Tablet-10x12.png 10w, https:\/\/peetzcoaching.de\/wp-content\/uploads\/2025\/08\/Birgit-vor-Tablet.png 1954w\" sizes=\"auto, (max-width: 847px) 100vw, 847px\" \/><\/figure>\n<\/div>\n<\/div>\n<\/div>\n\n\n\n<div class=\"wp-block-uagb-container uagb-block-c08dd488\">\n<p>My name is Birgit Peetz, expert in positive change in the realm of job-related topics. I am specialised in the not always fabulous cooperation between women, men, and everyone on this spectrum. As a woman with 25 years of IT industry experience, often having been the only woman in a group of men, I was able to develop a particular awareness and know-how for the unwritten laws and typical behaviour patterns that exist among both, men and women.<\/p>\n\n\n\n<p>For 11 years I have been active as an SME coach and trainer. I spent 10 years in different leadership boards within a blue chip company, after having assumed the positions of software engineer and IT project manager .<\/p>\n\n\n\n<p>Studiert habe ich <em>Computing with Psychology<\/em> in London. Nach dem Studium gab ich zun\u00e4chst der IT den Vorzug. Seitdem ist in der Psychologie eine MENGE geschehen. Ich blieb am Ball, durchlief drei Coach-Ausbildungen und reicherte sie durch Fachwissen an. Zun\u00e4chst wurde ich nebenberuflich, sp\u00e4ter hauptberuflich als selbst\u00e4ndige KMU Coach und Trainerin aktiv.<\/p>\n<\/div>\n<\/div>\n\n\n\n<div class=\"wp-block-columns is-layout-flex wp-container-core-columns-is-layout-28f84493 wp-block-columns-is-layout-flex\">\n<div class=\"wp-block-column is-layout-flow wp-block-column-is-layout-flow\" style=\"flex-basis:100%\">\n<div class=\"wp-block-columns is-layout-flex wp-container-core-columns-is-layout-28f84493 wp-block-columns-is-layout-flex\">\n<div class=\"wp-block-column is-layout-flow wp-block-column-is-layout-flow\"><\/div>\n\n\n\n<div class=\"wp-block-column is-layout-flow wp-block-column-is-layout-flow\"><\/div>\n<\/div>\n\n\n\n<div class=\"wp-block-columns is-layout-flex wp-container-core-columns-is-layout-28f84493 wp-block-columns-is-layout-flex\">\n<div class=\"wp-block-column is-layout-flow wp-block-column-is-layout-flow\">\n<p><\/p>\n\n\n\n<figure class=\"wp-block-image size-full\"><img loading=\"lazy\" decoding=\"async\" width=\"112\" height=\"45\" src=\"https:\/\/peetzcoaching.de\/wp-content\/uploads\/2025\/08\/Signatur-1.gif\" alt=\"\" class=\"wp-image-2877\" srcset=\"https:\/\/peetzcoaching.de\/wp-content\/uploads\/2025\/08\/Signatur-1.gif 112w, https:\/\/peetzcoaching.de\/wp-content\/uploads\/2025\/08\/Signatur-1-18x7.gif 18w\" sizes=\"auto, (max-width: 112px) 100vw, 112px\" \/><\/figure>\n\n\n\n<div class=\"wp-block-uagb-container uagb-block-30028448\"><\/div>\n\n\n\n<div class=\"wp-block-uagb-container uagb-block-2c491a5e\">\n<figure class=\"wp-block-image size-full is-resized\"><img loading=\"lazy\" decoding=\"async\" width=\"400\" height=\"400\" src=\"https:\/\/peetzcoaching.de\/wp-content\/uploads\/2025\/08\/PSMI.png\" alt=\"\" class=\"wp-image-2878\" style=\"width:109px;height:auto\" srcset=\"https:\/\/peetzcoaching.de\/wp-content\/uploads\/2025\/08\/PSMI.png 400w, https:\/\/peetzcoaching.de\/wp-content\/uploads\/2025\/08\/PSMI-300x300.png 300w, https:\/\/peetzcoaching.de\/wp-content\/uploads\/2025\/08\/PSMI-150x150.png 150w, https:\/\/peetzcoaching.de\/wp-content\/uploads\/2025\/08\/PSMI-12x12.png 12w\" sizes=\"auto, (max-width: 400px) 100vw, 400px\" \/><\/figure>\n<\/div>\n\n\n\n<div class=\"wp-block-uagb-container uagb-block-1ae9ff5e\"><\/div>\n\n\n\n<figure class=\"wp-block-image size-full\"><img loading=\"lazy\" decoding=\"async\" width=\"239\" height=\"39\" src=\"https:\/\/peetzcoaching.de\/wp-content\/uploads\/2025\/08\/Agile-Coach-2.jpg\" alt=\"\" class=\"wp-image-2880\" srcset=\"https:\/\/peetzcoaching.de\/wp-content\/uploads\/2025\/08\/Agile-Coach-2.jpg 239w, https:\/\/peetzcoaching.de\/wp-content\/uploads\/2025\/08\/Agile-Coach-2-18x3.jpg 18w\" sizes=\"auto, (max-width: 239px) 100vw, 239px\" \/><\/figure>\n<\/div>\n\n\n\n<div class=\"wp-block-column is-layout-flow wp-block-column-is-layout-flow\">\n<figure class=\"wp-block-image alignright size-large\"><img loading=\"lazy\" decoding=\"async\" width=\"916\" height=\"1024\" src=\"https:\/\/peetzcoaching.de\/wp-content\/uploads\/2025\/08\/Birgit-Flipchart-916x1024.jpg\" alt=\"\" class=\"wp-image-2868\" srcset=\"https:\/\/peetzcoaching.de\/wp-content\/uploads\/2025\/08\/Birgit-Flipchart-916x1024.jpg 916w, https:\/\/peetzcoaching.de\/wp-content\/uploads\/2025\/08\/Birgit-Flipchart-268x300.jpg 268w, https:\/\/peetzcoaching.de\/wp-content\/uploads\/2025\/08\/Birgit-Flipchart-768x858.jpg 768w, https:\/\/peetzcoaching.de\/wp-content\/uploads\/2025\/08\/Birgit-Flipchart-1375x1536.jpg 1375w, https:\/\/peetzcoaching.de\/wp-content\/uploads\/2025\/08\/Birgit-Flipchart-1833x2048.jpg 1833w, https:\/\/peetzcoaching.de\/wp-content\/uploads\/2025\/08\/Birgit-Flipchart-11x12.jpg 11w, https:\/\/peetzcoaching.de\/wp-content\/uploads\/2025\/08\/Birgit-Flipchart.jpg 1949w\" sizes=\"auto, (max-width: 916px) 100vw, 916px\" \/><\/figure>\n<\/div>\n<\/div>\n<\/div>\n<\/div>\n\n\n\n<div class=\"wp-block-group is-nowrap is-layout-flex wp-container-core-group-is-layout-6c531013 wp-block-group-is-layout-flex\"><\/div>\n<\/div><\/div>\n\n\n\n<div class=\"wp-block-uagb-container uagb-block-c94ca214 alignfull uagb-is-root-container\"><div class=\"uagb-container-inner-blocks-wrap\">\n<div class=\"wp-block-uagb-container uagb-block-159e86af\"><\/div>\n\n\n\n<div class=\"wp-block-uagb-container uagb-block-958e62c4\"><\/div>\n\n\n\n<div class=\"wp-block-uagb-container uagb-block-1def8821\"><\/div>\n<\/div><\/div>\n\n\n\n<div class=\"wp-block-uagb-container uagb-block-85a91c43 alignfull uagb-is-root-container\"><div class=\"uagb-container-inner-blocks-wrap\"><\/div><\/div>\n\n\n\n<p><\/p>","protected":false},"excerpt":{"rendered":"<p>\u00dcber mich Ich bin Birgit Peetz, Expertin f\u00fcr positive Ver\u00e4nderung rund um berufliche Themen. Spezialisiert habe ich mich dabei auf das nicht immer reibungslose Miteinander zwischen Frauen, M\u00e4nnern und jedem [&hellip;]<\/p>\n","protected":false},"author":1,"featured_media":0,"parent":0,"menu_order":0,"comment_status":"closed","ping_status":"closed","template":"","meta":{"_uag_custom_page_level_css":"","site-sidebar-layout":"no-sidebar","site-content-layout":"plain-container","ast-site-content-layout":"normal-width-container","site-content-style":"unboxed","site-sidebar-style":"unboxed","ast-global-header-display":"","ast-banner-title-visibility":"","ast-main-header-display":"","ast-hfb-above-header-display":"","ast-hfb-below-header-display":"","ast-hfb-mobile-header-display":"","site-post-title":"disabled","ast-breadcrumbs-content":"","ast-featured-img":"disabled","footer-sml-layout":"","ast-disable-related-posts":"","theme-transparent-header-meta":"default","adv-header-id-meta":"","stick-header-meta":"","header-above-stick-meta":"","header-main-stick-meta":"","header-below-stick-meta":"","astra-migrate-meta-layouts":"set","ast-page-background-enabled":"default","ast-page-background-meta":{"desktop":{"background-color":"","background-image":"","background-repeat":"repeat","background-position":"center center","background-size":"auto","background-attachment":"scroll","background-type":"","background-media":"","overlay-type":"","overlay-color":"","overlay-opacity":"","overlay-gradient":""},"tablet":{"background-color":"","background-image":"","background-repeat":"repeat","background-position":"center center","background-size":"auto","background-attachment":"scroll","background-type":"","background-media":"","overlay-type":"","overlay-color":"","overlay-opacity":"","overlay-gradient":""},"mobile":{"background-color":"","background-image":"","background-repeat":"repeat","background-position":"center center","background-size":"auto","background-attachment":"scroll","background-type":"","background-media":"","overlay-type":"","overlay-color":"","overlay-opacity":"","overlay-gradient":""}},"ast-content-background-meta":{"desktop":{"background-color":"var(--ast-global-color-5)","background-image":"","background-repeat":"repeat","background-position":"center center","background-size":"auto","background-attachment":"scroll","background-type":"","background-media":"","overlay-type":"","overlay-color":"","overlay-opacity":"","overlay-gradient":""},"tablet":{"background-color":"var(--ast-global-color-5)","background-image":"","background-repeat":"repeat","background-position":"center center","background-size":"auto","background-attachment":"scroll","background-type":"","background-media":"","overlay-type":"","overlay-color":"","overlay-opacity":"","overlay-gradient":""},"mobile":{"background-color":"var(--ast-global-color-5)","background-image":"","background-repeat":"repeat","background-position":"center center","background-size":"auto","background-attachment":"scroll","background-type":"","background-media":"","overlay-type":"","overlay-color":"","overlay-opacity":"","overlay-gradient":""}},"footnotes":""},"class_list":["post-1368","page","type-page","status-publish","hentry"],"uagb_featured_image_src":{"full":false,"thumbnail":false,"medium":false,"medium_large":false,"large":false,"1536x1536":false,"2048x2048":false,"trp-custom-language-flag":false},"uagb_author_info":{"display_name":"admin","author_link":"https:\/\/peetzcoaching.de\/en\/author\/admin\/"},"uagb_comment_info":0,"uagb_excerpt":"\u00dcber mich Ich bin Birgit Peetz, Expertin f\u00fcr positive Ver\u00e4nderung rund um berufliche Themen. Spezialisiert habe ich mich dabei auf das nicht immer reibungslose Miteinander zwischen Frauen, M\u00e4nnern und jedem [&hellip;]","_links":{"self":[{"href":"https:\/\/peetzcoaching.de\/en\/wp-json\/wp\/v2\/pages\/1368","targetHints":{"allow":["GET"]}}],"collection":[{"href":"https:\/\/peetzcoaching.de\/en\/wp-json\/wp\/v2\/pages"}],"about":[{"href":"https:\/\/peetzcoaching.de\/en\/wp-json\/wp\/v2\/types\/page"}],"author":[{"embeddable":true,"href":"https:\/\/peetzcoaching.de\/en\/wp-json\/wp\/v2\/users\/1"}],"replies":[{"embeddable":true,"href":"https:\/\/peetzcoaching.de\/en\/wp-json\/wp\/v2\/comments?post=1368"}],"version-history":[{"count":44,"href":"https:\/\/peetzcoaching.de\/en\/wp-json\/wp\/v2\/pages\/1368\/revisions"}],"predecessor-version":[{"id":2955,"href":"https:\/\/peetzcoaching.de\/en\/wp-json\/wp\/v2\/pages\/1368\/revisions\/2955"}],"wp:attachment":[{"href":"https:\/\/peetzcoaching.de\/en\/wp-json\/wp\/v2\/media?parent=1368"}],"curies":[{"name":"wp","href":"https:\/\/api.w.org\/{rel}","templated":true}]}}