{"id":1374,"date":"2024-08-22T11:56:15","date_gmt":"2024-08-22T11:56:15","guid":{"rendered":"https:\/\/peetzcoaching.de\/work-with-me\/"},"modified":"2026-01-22T14:55:36","modified_gmt":"2026-01-22T14:55:36","slug":"angebot","status":"publish","type":"page","link":"https:\/\/peetzcoaching.de\/en\/angebot\/","title":{"rendered":"Offering"},"content":{"rendered":"<div class=\"wp-block-uagb-container uagb-block-7a256846 alignfull uagb-is-root-container\"><div class=\"uagb-container-inner-blocks-wrap\">\n<h2 class=\"wp-block-heading\">Offering<\/h2>\n<\/div><\/div>\n\n\n\n<div class=\"wp-block-uagb-container uagb-block-81748725 alignfull uagb-is-root-container\"><div class=\"uagb-container-inner-blocks-wrap\">\n<div class=\"wp-block-cover alignwide is-light has-custom-content-position is-position-top-center\" style=\"min-height:347px;aspect-ratio:unset;\"><img loading=\"lazy\" decoding=\"async\" width=\"1024\" height=\"421\" class=\"wp-block-cover__image-background wp-image-2851 size-large\" alt=\"\" src=\"https:\/\/peetzcoaching.de\/wp-content\/uploads\/2025\/08\/Sessel-Terrasse-1024x421.jpg\" data-object-fit=\"cover\" srcset=\"https:\/\/peetzcoaching.de\/wp-content\/uploads\/2025\/08\/Sessel-Terrasse-1024x421.jpg 1024w, https:\/\/peetzcoaching.de\/wp-content\/uploads\/2025\/08\/Sessel-Terrasse-300x123.jpg 300w, https:\/\/peetzcoaching.de\/wp-content\/uploads\/2025\/08\/Sessel-Terrasse-768x316.jpg 768w, https:\/\/peetzcoaching.de\/wp-content\/uploads\/2025\/08\/Sessel-Terrasse-1536x632.jpg 1536w, https:\/\/peetzcoaching.de\/wp-content\/uploads\/2025\/08\/Sessel-Terrasse-2048x842.jpg 2048w, https:\/\/peetzcoaching.de\/wp-content\/uploads\/2025\/08\/Sessel-Terrasse-18x7.jpg 18w\" sizes=\"auto, (max-width: 1024px) 100vw, 1024px\" \/><span aria-hidden=\"true\" class=\"wp-block-cover__background has-background-dim\" style=\"background-color:#908878\"><\/span><div class=\"wp-block-cover__inner-container is-layout-constrained wp-block-cover-is-layout-constrained\">\n<p class=\"has-text-align-center has-large-font-size\"><\/p>\n<\/div><\/div>\n<\/div><\/div>\n\n\n\n<div class=\"wp-block-columns is-layout-flex wp-container-core-columns-is-layout-28f84493 wp-block-columns-is-layout-flex\">\n<div class=\"wp-block-column is-vertically-aligned-top is-layout-flow wp-block-column-is-layout-flow\" style=\"flex-basis:100%\">\n<div class=\"wp-block-uagb-container uagb-block-5ab9b9a7 default uagb-is-root-container\">\n<div class=\"wp-block-columns is-layout-flex wp-container-core-columns-is-layout-28f84493 wp-block-columns-is-layout-flex\">\n<div class=\"wp-block-column is-layout-flow wp-block-column-is-layout-flow\" style=\"flex-basis:100%\">\n<div class=\"wp-block-uagb-container uagb-block-751d01c0\">\n<div class=\"wp-block-group is-nowrap is-layout-flex wp-container-core-group-is-layout-f66f9956 wp-block-group-is-layout-flex\">\n<div class=\"wp-block-columns is-layout-flex wp-container-core-columns-is-layout-28f84493 wp-block-columns-is-layout-flex\">\n<div class=\"wp-block-column is-layout-flow wp-block-column-is-layout-flow\">\n<p class=\"has-text-align-left\">Als Coach f\u00fcr F\u00fchrungskr\u00e4fte und Fachexperten und -expertinnen arbeite ich mit Einzelpersonen. H\u00e4ufig handelt es sich um Pers\u00f6nlichkeiten in f\u00fchrender Position, von der Projekt- und Teamleitung bis zur obersten F\u00fchrungsebene. Als Trainerin findet meine Arbeit naturgem\u00e4\u00df eher in Gruppen statt.<\/p>\n\n\n\n<p class=\"has-text-align-left\">H\u00e4ufig geht es um die <strong>berufliche und pers\u00f6nliche Weiterentwicklung<\/strong>, <strong>Kommunikation<\/strong>, die Vermittlung von <strong>Trainings- und Coaching-Kompetenz<\/strong>, <strong>Konfliktl\u00f6sung<\/strong>, <strong>Stressmanagement<\/strong>, <strong>Achtsamkeit<\/strong> und <strong>Resilienz<\/strong>, die <strong>berufliche<\/strong> <strong>Neuorientierung<\/strong> oder das Spannungsfeld von <strong>Macht<\/strong> und <strong>Grenzen<\/strong>. Wenn Berufst\u00e4tige zufrieden bei der Arbeit sind, erh\u00f6ht das erwiesenerma\u00dfen die Mitarbeiterbindung. Diese wiederum erh\u00f6ht wirtschaftliche Kennzahlen wie das EBITDA, Fluktuation und Krankenstand.<\/p>\n\n\n\n<p class=\"has-text-align-left\"> Dabei geht es um ein weites Themenfeld:<\/p>\n\n\n\n<ul class=\"wp-block-list\">\n<li>Berufliche Weiterentwicklung und Vorbereitung oder Hineinfinden in eine neue Rolle<\/li>\n\n\n\n<li>Trainings- und Coaching-Kompetenz f\u00fcr den Berufsalltag, z. B. im Umgang mit Kunden und Kundinnen und innerhalb der Organisation und Teams<\/li>\n\n\n\n<li>Kl\u00e4rung eines Konflikts mit einer Person oder Personengruppe, seien es Mitarbeitende, Vorgesetzte, Kolleginnen, Kunden oder andere Gesch\u00e4ftspartner<\/li>\n\n\n\n<li>Zielf\u00fchrender Umgang mit Stress am Arbeitsplatz, so dass wieder mehr Klarheit und Souver\u00e4nit\u00e4t entstehen k\u00f6nnen<\/li>\n\n\n\n<li>Leadership<\/li>\n\n\n\n<li>F\u00fchren herausfordernder Gespr\u00e4che<\/li>\n\n\n\n<li>Macht, Grenzen und Grenz\u00fcberschreitung<\/li>\n\n\n\n<li>Raising awareness for the various patterns of behaviour in both men and women (\"typical male\", \"typical female\")<\/li>\n\n\n\n<li>Professional re-orientation<\/li>\n\n\n\n<li>and more<\/li>\n<\/ul>\n\n\n\n<p class=\"has-text-align-left\">Meine Kundinnen und Kunden kommen meist aus dem Mittelstand und auch aus kleineren Unternehmen, dem \u00f6ffentlichen Bereich (\u00f6ffentliche Einrichtungen, Beh\u00f6rden, Bildungseinrichtungen)  sowie Privatpersonen.<\/p>\n<\/div>\n<\/div>\n<\/div>\n<\/div>\n<\/div>\n<\/div>\n<\/div>\n<\/div>\n\n\n\n<div class=\"wp-block-column is-layout-flow wp-block-column-is-layout-flow\"><\/div>\n<\/div>\n\n\n\n<figure class=\"wp-block-image aligncenter size-large is-resized\"><img loading=\"lazy\" decoding=\"async\" width=\"683\" height=\"1024\" src=\"https:\/\/peetzcoaching.de\/wp-content\/uploads\/2025\/08\/IMG_0896-683x1024.jpg\" alt=\"\" class=\"wp-image-2843\" style=\"width:363px;height:auto\" srcset=\"https:\/\/peetzcoaching.de\/wp-content\/uploads\/2025\/08\/IMG_0896-683x1024.jpg 683w, https:\/\/peetzcoaching.de\/wp-content\/uploads\/2025\/08\/IMG_0896-200x300.jpg 200w, https:\/\/peetzcoaching.de\/wp-content\/uploads\/2025\/08\/IMG_0896-768x1152.jpg 768w, https:\/\/peetzcoaching.de\/wp-content\/uploads\/2025\/08\/IMG_0896-1024x1536.jpg 1024w, https:\/\/peetzcoaching.de\/wp-content\/uploads\/2025\/08\/IMG_0896-1365x2048.jpg 1365w, https:\/\/peetzcoaching.de\/wp-content\/uploads\/2025\/08\/IMG_0896-8x12.jpg 8w, https:\/\/peetzcoaching.de\/wp-content\/uploads\/2025\/08\/IMG_0896-scaled.jpg 1707w\" sizes=\"auto, (max-width: 683px) 100vw, 683px\" \/><\/figure>\n\n\n\n<div class=\"wp-block-uagb-container uagb-block-de34ba98 alignfull uagb-is-root-container\"><div class=\"uagb-container-inner-blocks-wrap\">\n<div class=\"wp-block-uagb-advanced-heading uagb-block-8943549f\"><h2 class=\"uagb-heading-text\">Frequently Asked Questions<\/h2><\/div>\n\n\n\n<div class=\"wp-block-uagb-container uagb-layout-grid uagb-block-bfde782f\">\n<div class=\"wp-block-uagb-advanced-heading uagb-block-f503e071\"><h5 class=\"uagb-heading-text\">What is Coaching in the first Place?<\/h5><p class=\"uagb-desc-text\">Beim Coaching geht es darum, unsere vorhandenen Potenziale zu heben. H\u00e4ufig m\u00f6chten wir etwas erreichen oder uns in eine bestimmte Richtung entwickeln und haben bereits einige Chancen und Blockaden erkannt. Beim Coaching, so wie ich es praktiziere, arbeiten wir damit auf eine sehr kreative Weise. <br>This is how transformation can happen more quickly, more sustainably, and often even with joy. Sometimes change is only possible in this way.<\/p><\/div>\n\n\n\n<div class=\"wp-block-uagb-advanced-heading uagb-block-0bb35252\"><h5 class=\"uagb-heading-text\">Is Coaching some kind of Therapy?<\/h5><p class=\"uagb-desc-text\">Nein, es handelt sich um zwei gleichberechtigte Ans\u00e4tze, jeder mit eigenen Zielsetzungen. Psychotherapie wurde mit Blick auf psychologische St\u00f6rungsbilder (&#8222;mit Krankheitswert&#8220;)  entwickelt, w\u00e4hrend es beim Coaching eher um unsere Ziele und W\u00fcnsche sowie unsere allt\u00e4glichen  Irrungen und Wirrungen geht. Psychotherapie wird in Deutschland h\u00e4ufig von den Krankenkassen bezahlt, Coaching aktuell nicht,  kann aber z. B. von Selbst\u00e4ndigen steuerlich geltend gemacht werden. Bei der Psychotherapie  \u00fcbernehmen die Kassen seit langem nur eine Handvoll etablierter Verfahren, w\u00e4hrend im Coaching ein breites Spektrum an Verfahren eingesetzt wird, bis hin zu zuverl\u00e4ssigen innovativen Techniken. So kann pers\u00f6nliche Ver\u00e4nderung durchaus schneller und auf kreativere Weise entstehen. Das ist meine pers\u00f6nliche Erfahrung und mag von anderen nat\u00fcrlich anders bewertet werden. <br>Gleichzeitig beobachte ich einige Gemeinsamkeiten bei Therapie und Coaching: Beispielsweise arbeiten beide h\u00e4ufig mit Mitteln der Achtsamkeit und beide Ans\u00e4tze k\u00f6nnen sehr in die Tiefe gehen. Ich setze dann Techniken aus der Psychotherapie ein, wenn ich die Erfahrung gemacht habe, dass damit pers\u00f6nliche Ver\u00e4nderung und Ver\u00e4nderungen einer Gruppe sehr gut m\u00f6glich sind. <\/p><\/div>\n\n\n\n<div class=\"wp-block-uagb-advanced-heading uagb-block-327cc9bf\"><h5 class=\"uagb-heading-text\">Who works with a Coach?<\/h5><p class=\"uagb-desc-text\">Kurz und knapp: Erfolgreiche Menschen, die eine Ver\u00e4nderung herbeif\u00fchren  m\u00f6chten. Ihnen ist bewusst, dass sie mit den modernen Mitteln des Coachings und der Psychologie einen vergleichbar gro\u00dfen Einfluss auf ihre Leistungsf\u00e4higkeit, Kreativit\u00e4t und Gesundheit nehmen k\u00f6nnen, wie wir es beispielsweise vom Sport her in Bezug auf K\u00f6rper und Geist kennen. <\/p><\/div>\n\n\n\n<div class=\"wp-block-uagb-advanced-heading uagb-block-4c9adb75\"><h5 class=\"uagb-heading-text\">Why Man, Woman, but rarely Queer?<\/h5><p class=\"uagb-desc-text\">Of course my offering is meant to reach the diversity of human nature, both with a clearly definable gender and in any colour of the LGBTQIA+ rainbow. Frequently I use the terms man and woman as placeholders for certain stereotypes. As such it is quite possible that they also apply to queer individuals. <\/p><\/div>\n<\/div>\n<\/div><\/div>\n\n\n\n<div class=\"wp-block-uagb-container uagb-layout-grid uagb-block-bc09ed77 alignfull uagb-is-root-container\"><div class=\"uagb-container-inner-blocks-wrap\">\n<div class=\"wp-block-uagb-advanced-heading uagb-block-4e24918f\"><div class=\"uagb-separator\"><\/div><h2 class=\"uagb-heading-text\">You would like to learn more?<\/h2><p class=\"uagb-desc-text\">Lass Sie es mich wissen, ich freue mich \u00fcber Ihre Nachricht!<\/p><\/div>\n\n\n\n<div class=\"wp-block-uagb-container uagb-block-cb239b1d\">\n<div class=\"wp-block-uagb-forms uagb-forms__outer-wrap uagb-block-f2342bfa uagb-forms__medium-btn\"><form class=\"uagb-forms-main-form\" method=\"post\" autocomplete=\"on\" name=\"uagb-form-f2342bfa\" action=\"\">\n<div class=\"wp-block-uagb-forms-name uagb-forms-name-wrap uagb-forms-field-set uagb-block-9a580161\"><div class=\"uagb-forms-name-label required uagb-forms-input-label\" id=\"9a580161\">Your name<\/div><input type=\"text\" placeholder=\"\" required class=\"uagb-forms-name-input uagb-forms-input\" name=\"9a580161\" autocomplete=\"given-name\"\/><\/div>\n\n\n\n<div class=\"wp-block-uagb-forms-email uagb-forms-email-wrap uagb-forms-field-set uagb-block-46f49a0f\"><div class=\"uagb-forms-email-label required uagb-forms-input-label\" id=\"46f49a0f\">Your Email<\/div><input type=\"email\" class=\"uagb-forms-email-input uagb-forms-input\" placeholder=\"\" required name=\"46f49a0f\" autocomplete=\"email\"\/><\/div>\n\n\n\n<div class=\"wp-block-uagb-forms-name uagb-forms-name-wrap uagb-forms-field-set uagb-block-e099e2f5\"><div class=\"uagb-forms-name-label required uagb-forms-input-label\" id=\"e099e2f5\">Phone<\/div><input type=\"text\" placeholder=\"\" required class=\"uagb-forms-name-input uagb-forms-input\" name=\"e099e2f5\" autocomplete=\"family-name\"\/><\/div>\n\n\n\n<div class=\"wp-block-uagb-forms-name uagb-forms-name-wrap uagb-forms-field-set uagb-block-63abeecc\"><div class=\"uagb-forms-name-label  uagb-forms-input-label\" id=\"63abeecc\">Additional requests?<\/div><input type=\"text\" placeholder=\"\" class=\"uagb-forms-name-input uagb-forms-input\" name=\"63abeecc\" autocomplete=\"family-name\"\/><\/div>\n<div class=\"uagb-forms-form-hidden-data\"><input type=\"hidden\" class=\"uagb_forms_form_label\" value=\"Spectra Form\"\/><input type=\"hidden\" class=\"uagb_forms_form_id\" value=\"uagb-form-f2342bfa\"\/><\/div><div class=\"uagb-form-reacaptcha-error-f2342bfa\"><\/div><div class=\"uagb-forms-main-submit-button-wrap wp-block-button\"><button class=\"uagb-forms-main-submit-button wp-block-button__link\"><div class=\"uagb-forms-main-submit-button-text\">Submit<\/div><\/button><\/div><input type=\"hidden\" name=\"trp-form-language\" value=\"en\"\/><\/form><div class=\"uagb-forms-success-message-f2342bfa uagb-forms-submit-message-hide\"><span>The form has been submitted successfully!<\/span><\/div><div class=\"uagb-forms-failed-message-f2342bfa uagb-forms-submit-message-hide\"><span>There has been some error while submitting the form. Please verify all form fields again.<\/span><\/div><\/div>\n<\/div>\n<\/div><\/div>\n\n\n\n<p><\/p>","protected":false},"excerpt":{"rendered":"<p>Angebot Als Coach f\u00fcr F\u00fchrungskr\u00e4fte und Fachexperten und -expertinnen arbeite ich mit Einzelpersonen. H\u00e4ufig handelt es sich um Pers\u00f6nlichkeiten in f\u00fchrender Position, von der Projekt- und Teamleitung bis zur obersten [&hellip;]<\/p>\n","protected":false},"author":1,"featured_media":0,"parent":0,"menu_order":0,"comment_status":"closed","ping_status":"closed","template":"","meta":{"_uag_custom_page_level_css":"","site-sidebar-layout":"no-sidebar","site-content-layout":"plain-container","ast-site-content-layout":"normal-width-container","site-content-style":"unboxed","site-sidebar-style":"unboxed","ast-global-header-display":"","ast-banner-title-visibility":"","ast-main-header-display":"","ast-hfb-above-header-display":"","ast-hfb-below-header-display":"","ast-hfb-mobile-header-display":"","site-post-title":"disabled","ast-breadcrumbs-content":"","ast-featured-img":"disabled","footer-sml-layout":"","ast-disable-related-posts":"","theme-transparent-header-meta":"default","adv-header-id-meta":"","stick-header-meta":"","header-above-stick-meta":"","header-main-stick-meta":"","header-below-stick-meta":"","astra-migrate-meta-layouts":"set","ast-page-background-enabled":"default","ast-page-background-meta":{"desktop":{"background-color":"","background-image":"","background-repeat":"repeat","background-position":"center center","background-size":"auto","background-attachment":"scroll","background-type":"","background-media":"","overlay-type":"","overlay-color":"","overlay-opacity":"","overlay-gradient":""},"tablet":{"background-color":"","background-image":"","background-repeat":"repeat","background-position":"center center","background-size":"auto","background-attachment":"scroll","background-type":"","background-media":"","overlay-type":"","overlay-color":"","overlay-opacity":"","overlay-gradient":""},"mobile":{"background-color":"","background-image":"","background-repeat":"repeat","background-position":"center center","background-size":"auto","background-attachment":"scroll","background-type":"","background-media":"","overlay-type":"","overlay-color":"","overlay-opacity":"","overlay-gradient":""}},"ast-content-background-meta":{"desktop":{"background-color":"var(--ast-global-color-5)","background-image":"","background-repeat":"repeat","background-position":"center center","background-size":"auto","background-attachment":"scroll","background-type":"","background-media":"","overlay-type":"","overlay-color":"","overlay-opacity":"","overlay-gradient":""},"tablet":{"background-color":"var(--ast-global-color-5)","background-image":"","background-repeat":"repeat","background-position":"center center","background-size":"auto","background-attachment":"scroll","background-type":"","background-media":"","overlay-type":"","overlay-color":"","overlay-opacity":"","overlay-gradient":""},"mobile":{"background-color":"var(--ast-global-color-5)","background-image":"","background-repeat":"repeat","background-position":"center center","background-size":"auto","background-attachment":"scroll","background-type":"","background-media":"","overlay-type":"","overlay-color":"","overlay-opacity":"","overlay-gradient":""}},"footnotes":""},"class_list":["post-1374","page","type-page","status-publish","hentry"],"uagb_featured_image_src":{"full":false,"thumbnail":false,"medium":false,"medium_large":false,"large":false,"1536x1536":false,"2048x2048":false,"trp-custom-language-flag":false},"uagb_author_info":{"display_name":"admin","author_link":"https:\/\/peetzcoaching.de\/en\/author\/admin\/"},"uagb_comment_info":0,"uagb_excerpt":"Angebot Als Coach f\u00fcr F\u00fchrungskr\u00e4fte und Fachexperten und -expertinnen arbeite ich mit Einzelpersonen. H\u00e4ufig handelt es sich um Pers\u00f6nlichkeiten in f\u00fchrender Position, von der Projekt- und Teamleitung bis zur obersten [&hellip;]","_links":{"self":[{"href":"https:\/\/peetzcoaching.de\/en\/wp-json\/wp\/v2\/pages\/1374","targetHints":{"allow":["GET"]}}],"collection":[{"href":"https:\/\/peetzcoaching.de\/en\/wp-json\/wp\/v2\/pages"}],"about":[{"href":"https:\/\/peetzcoaching.de\/en\/wp-json\/wp\/v2\/types\/page"}],"author":[{"embeddable":true,"href":"https:\/\/peetzcoaching.de\/en\/wp-json\/wp\/v2\/users\/1"}],"replies":[{"embeddable":true,"href":"https:\/\/peetzcoaching.de\/en\/wp-json\/wp\/v2\/comments?post=1374"}],"version-history":[{"count":165,"href":"https:\/\/peetzcoaching.de\/en\/wp-json\/wp\/v2\/pages\/1374\/revisions"}],"predecessor-version":[{"id":3031,"href":"https:\/\/peetzcoaching.de\/en\/wp-json\/wp\/v2\/pages\/1374\/revisions\/3031"}],"wp:attachment":[{"href":"https:\/\/peetzcoaching.de\/en\/wp-json\/wp\/v2\/media?parent=1374"}],"curies":[{"name":"wp","href":"https:\/\/api.w.org\/{rel}","templated":true}]}}