{"id":2380,"date":"2025-01-26T12:30:00","date_gmt":"2025-01-26T12:30:00","guid":{"rendered":"https:\/\/peetzcoaching.de\/?page_id=2380"},"modified":"2025-08-26T22:39:07","modified_gmt":"2025-08-26T22:39:07","slug":"vor-veroeffentlichung","status":"publish","type":"page","link":"https:\/\/peetzcoaching.de\/en\/","title":{"rendered":"Harmonising Differences"},"content":{"rendered":"<div class=\"wp-block-uagb-container uagb-block-618b7380 default uagb-is-root-container\">\n<div class=\"wp-block-columns is-layout-flex wp-container-core-columns-is-layout-28f84493 wp-block-columns-is-layout-flex\">\n<div class=\"wp-block-column is-layout-flow wp-block-column-is-layout-flow\"><\/div>\n\n\n\n<div class=\"wp-block-column is-layout-flow wp-block-column-is-layout-flow\"><\/div>\n\n\n\n<div class=\"wp-block-column is-vertically-aligned-center is-layout-flow wp-block-column-is-layout-flow\" style=\"flex-basis:100%\"><div class=\"wp-block-post-excerpt\"><p class=\"wp-block-post-excerpt__excerpt\">Harmonising Differences <\/p><\/div>\n\n\n<div class=\"wp-block-uagb-container uagb-block-372681b3\">\n<h2 class=\"wp-block-heading has-text-align-center has-text-color has-link-color wp-elements-3710843067008a664eae7aba0bb975f1\" style=\"color:#685c5c\">Und wenn Sie mit M\u00e4nnern bzw. Frauen <br>komplett im Einklang w\u00e4ren?<\/h2>\n\n\n\n<figure class=\"wp-block-image aligncenter size-large is-resized is-style-rounded\"><img loading=\"lazy\" decoding=\"async\" width=\"1024\" height=\"683\" src=\"https:\/\/peetzcoaching.de\/wp-content\/uploads\/2025\/03\/group-business-executives-giving-high-five-1024x683.jpg\" alt=\"\" class=\"wp-image-2408\" style=\"width:1281px;height:auto\" srcset=\"https:\/\/peetzcoaching.de\/wp-content\/uploads\/2025\/03\/group-business-executives-giving-high-five-1024x683.jpg 1024w, https:\/\/peetzcoaching.de\/wp-content\/uploads\/2025\/03\/group-business-executives-giving-high-five-300x200.jpg 300w, https:\/\/peetzcoaching.de\/wp-content\/uploads\/2025\/03\/group-business-executives-giving-high-five-768x512.jpg 768w, https:\/\/peetzcoaching.de\/wp-content\/uploads\/2025\/03\/group-business-executives-giving-high-five-1536x1024.jpg 1536w, https:\/\/peetzcoaching.de\/wp-content\/uploads\/2025\/03\/group-business-executives-giving-high-five-2048x1365.jpg 2048w, https:\/\/peetzcoaching.de\/wp-content\/uploads\/2025\/03\/group-business-executives-giving-high-five-18x12.jpg 18w\" sizes=\"auto, (max-width: 1024px) 100vw, 1024px\" \/><\/figure>\n<\/div>\n\n\n\n<div class=\"wp-block-columns is-layout-flex wp-container-core-columns-is-layout-28f84493 wp-block-columns-is-layout-flex\">\n<div class=\"wp-block-column is-layout-flow wp-block-column-is-layout-flow\" style=\"flex-basis:100%\">\n<div class=\"wp-block-uagb-container uagb-block-daeb255a\">\n<div class=\"wp-block-group is-nowrap is-layout-flex wp-container-core-group-is-layout-6c531013 wp-block-group-is-layout-flex\">\n<p>Business processes often do not work because there is no escaping one's humanity, no matter whether we're dealing with internal or customer-related processes. Employee engagement decreases, illness-related absence increases. And \"as a side-effect\" employees feel stressed, coming into conflicts, which apparently cannot be sustainably resolved. Both productivity and work climate suffer.*<\/p>\n\n\n\n<p class=\"has-text-align-left\">There exist many causes for this, a frequent one being that men and women and everyone on this spectrum has different approaches, unwritten laws, and conventions, which are disrespected, usually unconsciously. This is how misunderstandings arise, conflict and irritation are created.<\/p>\n\n\n\n<p class=\"has-text-align-left translation-block\"><strong>Benefitting from the differences between genders and resolving challenging situations in the realm of female-male relationships \u2013 as an expert in positive change I can support your organisation or you personally with precisely this.<\/strong><\/p>\n<\/div>\n<\/div>\n<\/div>\n<\/div>\n<\/div>\n\n\n\n<div class=\"wp-block-column is-layout-flow wp-block-column-is-layout-flow\"><\/div>\n\n\n\n<div class=\"wp-block-column is-layout-flow wp-block-column-is-layout-flow\"><\/div>\n\n\n\n<div class=\"wp-block-column is-layout-flow wp-block-column-is-layout-flow\"><\/div>\n\n\n\n<div class=\"wp-block-column is-layout-flow wp-block-column-is-layout-flow\"><\/div>\n<\/div>\n<\/div>\n\n\n\n<div class=\"wp-block-uagb-container uagb-block-1faa7e7a default uagb-is-root-container\">\n<div class=\"wp-block-uagb-container uagb-block-0727ba0e\">\n<div class=\"wp-block-columns is-layout-flex wp-container-core-columns-is-layout-28f84493 wp-block-columns-is-layout-flex\">\n<div class=\"wp-block-column is-layout-flow wp-block-column-is-layout-flow\" style=\"flex-basis:100%\">\n<div class=\"wp-block-columns is-layout-flex wp-container-core-columns-is-layout-28f84493 wp-block-columns-is-layout-flex\">\n<div class=\"wp-block-column is-layout-flow wp-block-column-is-layout-flow\" style=\"flex-basis:100%\"><\/div>\n<\/div>\n\n\n\n<div class=\"wp-block-columns is-layout-flex wp-container-core-columns-is-layout-28f84493 wp-block-columns-is-layout-flex\">\n<div class=\"wp-block-column is-layout-flow wp-block-column-is-layout-flow\" style=\"flex-basis:100%\">\n<figure class=\"wp-block-image aligncenter size-large is-resized\"><img loading=\"lazy\" decoding=\"async\" width=\"1024\" height=\"1024\" src=\"https:\/\/peetzcoaching.de\/wp-content\/uploads\/2025\/04\/wordcloud.png\" alt=\"\" class=\"wp-image-2423\" style=\"width:776px;height:auto\" srcset=\"https:\/\/peetzcoaching.de\/wp-content\/uploads\/2025\/04\/wordcloud.png 1024w, https:\/\/peetzcoaching.de\/wp-content\/uploads\/2025\/04\/wordcloud-300x300.png 300w, https:\/\/peetzcoaching.de\/wp-content\/uploads\/2025\/04\/wordcloud-150x150.png 150w, https:\/\/peetzcoaching.de\/wp-content\/uploads\/2025\/04\/wordcloud-768x768.png 768w, https:\/\/peetzcoaching.de\/wp-content\/uploads\/2025\/04\/wordcloud-12x12.png 12w\" sizes=\"auto, (max-width: 1024px) 100vw, 1024px\" \/><\/figure>\n<\/div>\n<\/div>\n\n\n\n<div class=\"wp-block-uagb-container uagb-block-6ca591b9 alignfull uagb-is-root-container\"><div class=\"uagb-container-inner-blocks-wrap\">\n<figure class=\"wp-block-image size-large is-resized is-style-default\"><img loading=\"lazy\" decoding=\"async\" width=\"683\" height=\"1024\" src=\"https:\/\/peetzcoaching.de\/wp-content\/uploads\/2025\/08\/IMG_1101-683x1024.jpg\" alt=\"\" class=\"wp-image-2821\" style=\"width:382px;height:auto\" srcset=\"https:\/\/peetzcoaching.de\/wp-content\/uploads\/2025\/08\/IMG_1101-683x1024.jpg 683w, https:\/\/peetzcoaching.de\/wp-content\/uploads\/2025\/08\/IMG_1101-200x300.jpg 200w, https:\/\/peetzcoaching.de\/wp-content\/uploads\/2025\/08\/IMG_1101-768x1152.jpg 768w, https:\/\/peetzcoaching.de\/wp-content\/uploads\/2025\/08\/IMG_1101-1024x1536.jpg 1024w, https:\/\/peetzcoaching.de\/wp-content\/uploads\/2025\/08\/IMG_1101-1365x2048.jpg 1365w, https:\/\/peetzcoaching.de\/wp-content\/uploads\/2025\/08\/IMG_1101-8x12.jpg 8w, https:\/\/peetzcoaching.de\/wp-content\/uploads\/2025\/08\/IMG_1101-scaled.jpg 1707w\" sizes=\"auto, (max-width: 683px) 100vw, 683px\" \/><\/figure>\n\n\n\n<figure class=\"wp-block-pullquote\"><blockquote><p>It is one of my biggest goals to contribute to a more peaceful exchange between genders.<\/p><cite>Birgit K. Peetz<\/cite><\/blockquote><\/figure>\n<\/div><\/div>\n\n\n\n<p><\/p>\n<\/div>\n\n\n\n<div class=\"wp-block-column is-layout-flow wp-block-column-is-layout-flow\"><\/div>\n<\/div>\n<\/div>\n<\/div>\n\n\n\n<div class=\"wp-block-uagb-container uagb-block-8d189b39 alignfull uagb-is-root-container\"><div class=\"uagb-container-inner-blocks-wrap\">\n<div class=\"wp-block-uagb-advanced-heading uagb-block-4839b419\"><h2 class=\"uagb-heading-text\">What can I do for you?<\/h2><div class=\"uagb-separator\"><\/div><\/div>\n\n\n\n<div class=\"wp-block-uagb-container uagb-block-dbcbbab9\">\n<div class=\"wp-block-uagb-info-box uagb-block-45c7a83f uagb-infobox__content-wrap  uagb-infobox-icon-above-title uagb-infobox-image-valign-top wp-block-uagb-info-box--has-margin\"><div class=\"uagb-infobox-margin-wrapper\"><div class=\"uagb-ifb-content\"><div class=\"uagb-ifb-image-content\"><img decoding=\"async\" src=\"https:\/\/peetzcoaching.de\/wp-content\/uploads\/2025\/01\/handshake_10086295-150x150.png\" alt=\"\" width=\"60\" height=\"60\" loading=\"lazy\"\/><\/div><div class=\"uagb-ifb-title-wrap\"><h3 class=\"uagb-ifb-title\">1:1 coaching<\/h3><\/div><p class=\"uagb-ifb-desc\">Sie m\u00f6chten ein Ziel erreichen und w\u00fcnschen sich dabei erprobte Unterst\u00fctzung? Unsere beruflichen Ziele k\u00f6nnen ganz sch\u00f6n herausfordernd sein. Mit meiner Unterst\u00fctzung gelingt die Umsetzung von Zielen und W\u00fcnschen vielfach verbl\u00fcffend schnell, nachhaltig und kann sogar Spa\u00df machen.<\/p><\/div><\/div><\/div>\n\n\n\n<div class=\"wp-block-uagb-info-box uagb-block-9a56de29 uagb-infobox__content-wrap  uagb-infobox-icon-above-title uagb-infobox-image-valign-top wp-block-uagb-info-box--has-margin\"><div class=\"uagb-infobox-margin-wrapper\"><div class=\"uagb-ifb-content\"><div class=\"uagb-ifb-image-content\"><img decoding=\"async\" src=\"https:\/\/peetzcoaching.de\/wp-content\/uploads\/2025\/01\/equality_869897-150x150.png\" alt=\"\" width=\"60\" height=\"60\" loading=\"lazy\"\/><\/div><div class=\"uagb-ifb-title-wrap\"><h3 class=\"uagb-ifb-title\">Training<\/h3><\/div><p class=\"uagb-ifb-desc\">Ihre Mitarbeitenden sollen in einem der Bereiche Klare Kommunikation,  Achtsamkeit &amp; Resilienz, Grenzen oder etwas \u00c4hnlichem geschult werden?<br>.<br>.<br>.<\/p><\/div><\/div><\/div>\n\n\n\n<div class=\"wp-block-uagb-info-box uagb-block-5ae8b474 uagb-infobox__content-wrap  uagb-infobox-icon-above-title uagb-infobox-image-valign-top wp-block-uagb-info-box--has-margin\"><div class=\"uagb-infobox-margin-wrapper\"><div class=\"uagb-ifb-content\"><div class=\"uagb-ifb-image-content\"><img decoding=\"async\" src=\"https:\/\/peetzcoaching.de\/wp-content\/uploads\/2025\/01\/vision_12862816-150x150.png\" alt=\"\" width=\"60\" height=\"60\" loading=\"lazy\"\/><\/div><div class=\"uagb-ifb-title-wrap\"><h3 class=\"uagb-ifb-title\">Talks<\/h3><\/div><p class=\"uagb-ifb-desc\">in Vorbereitung<br>.<br>.<br>.<br>.<br>.<br>.<br><\/p><\/div><\/div><\/div>\n<\/div>\n\n\n\n<div class=\"wp-block-group alignfull has-text-color has-background is-layout-flow wp-block-group-is-layout-flow\" style=\"color:#000000;background-color:#ffffff\">\n<div style=\"height:64px\" aria-hidden=\"true\" class=\"wp-block-spacer\"><\/div>\n\n\n\n<p class=\"has-text-align-center has-small-font-size\" style=\"line-height:.9\"><strong> <\/strong><\/p>\n\n\n\n<h2 class=\"wp-block-heading has-text-align-center\" id=\"schedule-a-visit\" style=\"font-size:59px;line-height:1.15\"><strong>Warum lernen wir uns nicht kennen?<\/strong><\/h2>\n\n\n\n<p>Buchen Sie gerne unten in der Kalender-\u00dcbersicht ein vollkommen unverbindliches, kostenloses Kennenlerngespr\u00e4ch. Gerne lerne ich Ihre oder die Bed\u00fcrfnisse Ihrer Organisation kennen. Lassen Sie uns gemeinsam nach einem Weg nach vorne schauen. <\/p>\n<\/div>\n<\/div><\/div>\n\n\n\n<div class=\"wp-block-columns is-layout-flex wp-container-core-columns-is-layout-28f84493 wp-block-columns-is-layout-flex\">\n<div class=\"wp-block-column is-vertically-aligned-top is-layout-flow wp-block-column-is-layout-flow\" style=\"flex-basis:50%\">\n<!-- Calendly Inline-Widget Beginn -->\n<div class=\"calendly-inline-widget\" data-url=\"https:\/\/calendly.com\/peetzcoaching\/kennenlerngesprach?hide_gdpr_banner=1&#038;primary_color=8dcfe0\" style=\"min-width:320px;height:900px;\"><\/div>\n<script type=\"text\/javascript\" src=\"https:\/\/assets.calendly.com\/assets\/external\/widget.js\" async><\/script>\n<!-- Calendly Inline-Widget Ende -->\n<\/div>\n\n\n\n<div class=\"wp-block-column is-layout-flow wp-block-column-is-layout-flow\">\n<!-- Calendly Inline-Widget Beginn -->\n<div class=\"calendly-inline-widget\" data-url=\"https:\/\/calendly.com\/peetzcoaching\/discovery-call?hide_gdpr_banner=1&#038;primary_color=8dcfe0\" style=\"min-width:320px;height:900px;\"><\/div>\n<script type=\"text\/javascript\" src=\"https:\/\/assets.calendly.com\/assets\/external\/widget.js\" async><\/script>\n<!-- Calendly Inline-Widget Ende -->\n<\/div>\n<\/div>\n\n\n\n<div class=\"wp-block-group is-nowrap is-layout-flex wp-container-core-group-is-layout-6c531013 wp-block-group-is-layout-flex\">\n<div class=\"wp-block-uagb-container uagb-block-662152ea alignfull uagb-is-root-container\"><div class=\"uagb-container-inner-blocks-wrap\">\n<figure class=\"wp-block-image size-large is-resized\"><img loading=\"lazy\" decoding=\"async\" width=\"683\" height=\"1024\" src=\"https:\/\/peetzcoaching.de\/wp-content\/uploads\/2025\/08\/ae49d49d-3656-4c00-af3a-eacfd907392a-683x1024.jpeg\" alt=\"\" class=\"wp-image-2829\" style=\"width:339px;height:auto\" srcset=\"https:\/\/peetzcoaching.de\/wp-content\/uploads\/2025\/08\/ae49d49d-3656-4c00-af3a-eacfd907392a-683x1024.jpeg 683w, https:\/\/peetzcoaching.de\/wp-content\/uploads\/2025\/08\/ae49d49d-3656-4c00-af3a-eacfd907392a-200x300.jpeg 200w, https:\/\/peetzcoaching.de\/wp-content\/uploads\/2025\/08\/ae49d49d-3656-4c00-af3a-eacfd907392a-768x1152.jpeg 768w, https:\/\/peetzcoaching.de\/wp-content\/uploads\/2025\/08\/ae49d49d-3656-4c00-af3a-eacfd907392a-1024x1536.jpeg 1024w, https:\/\/peetzcoaching.de\/wp-content\/uploads\/2025\/08\/ae49d49d-3656-4c00-af3a-eacfd907392a-1365x2048.jpeg 1365w, https:\/\/peetzcoaching.de\/wp-content\/uploads\/2025\/08\/ae49d49d-3656-4c00-af3a-eacfd907392a-8x12.jpeg 8w, https:\/\/peetzcoaching.de\/wp-content\/uploads\/2025\/08\/ae49d49d-3656-4c00-af3a-eacfd907392a-scaled.jpeg 1707w\" sizes=\"auto, (max-width: 683px) 100vw, 683px\" \/><\/figure>\n<\/div><\/div>\n<\/div>\n\n\n\n<div class=\"wp-block-columns is-layout-flex wp-container-core-columns-is-layout-28f84493 wp-block-columns-is-layout-flex\">\n<div class=\"wp-block-column is-layout-flow wp-block-column-is-layout-flow\">\n<figure class=\"wp-block-image size-full is-resized\"><img loading=\"lazy\" decoding=\"async\" width=\"112\" height=\"45\" src=\"https:\/\/peetzcoaching.de\/wp-content\/uploads\/2025\/08\/Signatur-1-1.gif\" alt=\"\" class=\"wp-image-2884\" style=\"width:118px;height:auto\" srcset=\"https:\/\/peetzcoaching.de\/wp-content\/uploads\/2025\/08\/Signatur-1-1.gif 112w, https:\/\/peetzcoaching.de\/wp-content\/uploads\/2025\/08\/Signatur-1-1-18x7.gif 18w\" sizes=\"auto, (max-width: 112px) 100vw, 112px\" \/><\/figure>\n<\/div>\n\n\n\n<div class=\"wp-block-column is-layout-flow wp-block-column-is-layout-flow\">\n<figure class=\"wp-block-image alignleft size-full is-resized\"><img loading=\"lazy\" decoding=\"async\" width=\"400\" height=\"400\" src=\"https:\/\/peetzcoaching.de\/wp-content\/uploads\/2025\/04\/PSMI.png\" alt=\"\" class=\"wp-image-2749\" style=\"width:66px;height:auto\" srcset=\"https:\/\/peetzcoaching.de\/wp-content\/uploads\/2025\/04\/PSMI.png 400w, https:\/\/peetzcoaching.de\/wp-content\/uploads\/2025\/04\/PSMI-300x300.png 300w, https:\/\/peetzcoaching.de\/wp-content\/uploads\/2025\/04\/PSMI-150x150.png 150w, https:\/\/peetzcoaching.de\/wp-content\/uploads\/2025\/04\/PSMI-12x12.png 12w\" sizes=\"auto, (max-width: 400px) 100vw, 400px\" \/><\/figure>\n<\/div>\n\n\n\n<div class=\"wp-block-column is-layout-flow wp-block-column-is-layout-flow\">\n<figure class=\"wp-block-image size-full is-resized\"><img loading=\"lazy\" decoding=\"async\" width=\"239\" height=\"39\" src=\"https:\/\/peetzcoaching.de\/wp-content\/uploads\/2025\/08\/Agile-Coach.jpg\" alt=\"\" class=\"wp-image-2827\" style=\"width:172px;height:auto\" srcset=\"https:\/\/peetzcoaching.de\/wp-content\/uploads\/2025\/08\/Agile-Coach.jpg 239w, https:\/\/peetzcoaching.de\/wp-content\/uploads\/2025\/08\/Agile-Coach-18x3.jpg 18w\" sizes=\"auto, (max-width: 239px) 100vw, 239px\" \/><\/figure>\n<\/div>\n<\/div>\n\n\n\n<p>*Quelle: 90-j\u00e4hrige Forschung von Gallup rund um das Thema Mitarbeitermotivation<\/p>\n\n\n\n<p><\/p>\n\n\n\n<p><\/p>\n\n\n\n<p><\/p>","protected":false},"excerpt":{"rendered":"<p>Harmonising Differences<\/p>","protected":false},"author":1,"featured_media":0,"parent":0,"menu_order":0,"comment_status":"closed","ping_status":"closed","template":"","meta":{"_uag_custom_page_level_css":"","site-sidebar-layout":"default","site-content-layout":"","ast-site-content-layout":"default","site-content-style":"default","site-sidebar-style":"default","ast-global-header-display":"","ast-banner-title-visibility":"","ast-main-header-display":"","ast-hfb-above-header-display":"","ast-hfb-below-header-display":"","ast-hfb-mobile-header-display":"","site-post-title":"disabled","ast-breadcrumbs-content":"","ast-featured-img":"","footer-sml-layout":"","ast-disable-related-posts":"","theme-transparent-header-meta":"","adv-header-id-meta":"","stick-header-meta":"","header-above-stick-meta":"","header-main-stick-meta":"","header-below-stick-meta":"","astra-migrate-meta-layouts":"set","ast-page-background-enabled":"default","ast-page-background-meta":{"desktop":{"background-color":"","background-image":"","background-repeat":"repeat","background-position":"center center","background-size":"auto","background-attachment":"scroll","background-type":"","background-media":"","overlay-type":"","overlay-color":"","overlay-opacity":"","overlay-gradient":""},"tablet":{"background-color":"","background-image":"","background-repeat":"repeat","background-position":"center center","background-size":"auto","background-attachment":"scroll","background-type":"","background-media":"","overlay-type":"","overlay-color":"","overlay-opacity":"","overlay-gradient":""},"mobile":{"background-color":"","background-image":"","background-repeat":"repeat","background-position":"center center","background-size":"auto","background-attachment":"scroll","background-type":"","background-media":"","overlay-type":"","overlay-color":"","overlay-opacity":"","overlay-gradient":""}},"ast-content-background-meta":{"desktop":{"background-color":"var(--ast-global-color-5)","background-image":"","background-repeat":"repeat","background-position":"center center","background-size":"auto","background-attachment":"scroll","background-type":"","background-media":"","overlay-type":"","overlay-color":"","overlay-opacity":"","overlay-gradient":""},"tablet":{"background-color":"var(--ast-global-color-5)","background-image":"","background-repeat":"repeat","background-position":"center center","background-size":"auto","background-attachment":"scroll","background-type":"","background-media":"","overlay-type":"","overlay-color":"","overlay-opacity":"","overlay-gradient":""},"mobile":{"background-color":"var(--ast-global-color-5)","background-image":"","background-repeat":"repeat","background-position":"center center","background-size":"auto","background-attachment":"scroll","background-type":"","background-media":"","overlay-type":"","overlay-color":"","overlay-opacity":"","overlay-gradient":""}},"footnotes":""},"class_list":["post-2380","page","type-page","status-publish","hentry"],"uagb_featured_image_src":{"full":false,"thumbnail":false,"medium":false,"medium_large":false,"large":false,"1536x1536":false,"2048x2048":false,"trp-custom-language-flag":false},"uagb_author_info":{"display_name":"admin","author_link":"https:\/\/peetzcoaching.de\/en\/author\/admin\/"},"uagb_comment_info":0,"uagb_excerpt":"Unterschiede in Balance bringen","_links":{"self":[{"href":"https:\/\/peetzcoaching.de\/en\/wp-json\/wp\/v2\/pages\/2380","targetHints":{"allow":["GET"]}}],"collection":[{"href":"https:\/\/peetzcoaching.de\/en\/wp-json\/wp\/v2\/pages"}],"about":[{"href":"https:\/\/peetzcoaching.de\/en\/wp-json\/wp\/v2\/types\/page"}],"author":[{"embeddable":true,"href":"https:\/\/peetzcoaching.de\/en\/wp-json\/wp\/v2\/users\/1"}],"replies":[{"embeddable":true,"href":"https:\/\/peetzcoaching.de\/en\/wp-json\/wp\/v2\/comments?post=2380"}],"version-history":[{"count":146,"href":"https:\/\/peetzcoaching.de\/en\/wp-json\/wp\/v2\/pages\/2380\/revisions"}],"predecessor-version":[{"id":3002,"href":"https:\/\/peetzcoaching.de\/en\/wp-json\/wp\/v2\/pages\/2380\/revisions\/3002"}],"wp:attachment":[{"href":"https:\/\/peetzcoaching.de\/en\/wp-json\/wp\/v2\/media?parent=2380"}],"curies":[{"name":"wp","href":"https:\/\/api.w.org\/{rel}","templated":true}]}}