{"id":2897,"date":"2025-08-26T11:12:00","date_gmt":"2025-08-26T11:12:00","guid":{"rendered":"https:\/\/peetzcoaching.de\/?page_id=2897"},"modified":"2025-08-26T11:32:51","modified_gmt":"2025-08-26T11:32:51","slug":"impressum","status":"publish","type":"page","link":"https:\/\/peetzcoaching.de\/en\/impressum\/","title":{"rendered":"Impressum"},"content":{"rendered":"<p>Birgit K. Peetz<br \/>KMU Coach und Trainerin<br \/>R\u00f6merfeldstr\n. 26<br \/>50259 Pulheim<\/p><p>Telefon: 16096632677<br \/>E-Mail: <a href=\"mailto:info@peetzcoaching.de\">info@peetzcoaching.de<\/a><br \/><\/p><p><strong>Umsatzsteue\nr-ID: <\/strong><br \/>Umsatzsteuer-Identifikationsnummer nach \u00a727a Umsatzsteuerge\nsetz:<br \/>DE440498876<\/p><p><strong>Berufshaftpflichtversicherung: <\/strong>R+V\nAllgemeine Versicherung AG<br \/>Raiffeisenplatz 1<br \/>65189 Wiesbaden<br \/>Geltungsbereich: Weltweit, in USA  und Kanada<\/p><p><strong>Bildrechte:<\/strong><br \/>Lisa Thelen<br>Freepik<\/p><h3>Hinweis gem\u00e4\u00df VSBG<\/h3><p>Wir weisen darauf hin, dass wir nicht bereit sind, uns an einem Streitbeilegungsverfahren vor einer Verbraucherstreitschlichtu\nngsstelle zu beteiligen. Nutzen Sie zur Kontaktaufnahme bitte unsere obige E-Mai\nl und Telefonnummer.<\/p><br \/><h3>Hinweis gem&auml;&szlig; Verbraucherstreitbeilegungsgesetz (VSBG)<\/h3><p>Wir sind nicht bereit und verpflichtet, an Streitbeil\negungsverfahren vor einer Verbraucherschlichtungsstelle teilzunehmen.<\/p><br\/><h3>Disclaimer \u2013 rechtliche Hinweise<\/h3>\u00a7 1 Warnhinweis zu Inhalten<br \/>D\nie kostenlosen und frei zug\u00e4nglichen Inhalte dieser Webseite wurden mit gr\u00f6\u00dftm\u00f6g\nlicher Sorgfalt erstellt. Der Anbieter dieser Webseite \u00fcbernimmt jedoch keine Ge\nw\u00e4hr f\u00fcr die Richtigkeit und Aktualit\u00e4t der bereitgestellten kostenlosen und fre\ni zug\u00e4nglichen journalistischen Ratgeber und Nachrichten. Namentlich gekennzeich\nnete Beitr\u00e4ge geben die Meinung des jeweiligen Autors und nicht immer die Meinun\ng des Anbieters wieder. Allein durch den Aufruf der kostenlosen und frei zug\u00e4ngl\nichen Inhalte kommt keinerlei Vertragsverh\u00e4ltnis zwischen dem Nutzer und dem Anb\nieter zustande, insoweit fehlt es am Rechtsbindungswillen des Anbieters.<br\/><br\/>\u00a7 2 Externe Links<br \/>Diese Website enth\u00e4lt Verkn\u00fcpfungen zu Websites Dritt\ner (&#8222;externe Links&#8220;). Diese Websites unterliegen der Haftung der jeweiligen Betr\neiber. Der Anbieter hat bei der erstmaligen Verkn\u00fcpfung der externen Links die f\nremden Inhalte daraufhin \u00fcberpr\u00fcft, ob etwaige Rechtsverst\u00f6\u00dfe bestehen. Zu dem Z\neitpunkt waren keine Rechtsverst\u00f6\u00dfe ersichtlich. Der Anbieter hat keinerlei Einf\nluss auf die aktuelle und zuk\u00fcnftige Gestaltung und auf die Inhalte der verkn\u00fcpf\nten Seiten. Das Setzen von externen Links bedeutet nicht, dass sich der Anbieter\ndie hinter dem Verweis oder Link liegenden Inhalte zu Eigen macht. Eine st\u00e4ndig\ne Kontrolle der externen Links ist f\u00fcr den Anbieter ohne konkrete Hinweise auf R\nechtsverst\u00f6\u00dfe nicht zumutbar. Bei Kenntnis von Rechtsverst\u00f6\u00dfen werden jedoch der\nartige externe Links unverz\u00fcglich gel\u00f6scht.<br \/><br \/>\u00a7 3 Urheber- und Leistung\nsschutzrechte<br \/>Die auf dieser Website ver\u00f6ffentlichten Inhalte unterliegen d\nem deutschen Urheber- und Leistungsschutzrecht. Jede vom deutschen Urheber- und\nLeistungsschutzrecht nicht zugelassene Verwertung bedarf der vorherigen schriftl\nichen Zustimmung des Anbieters oder jeweiligen Rechteinhabers. Dies gilt insbeso\nndere f\u00fcr Vervielf\u00e4ltigung, Bearbeitung, \u00dcbersetzung, Einspeicherung, Verarbeitu\nng bzw. Wiedergabe von Inhalten in Datenbanken oder anderen elektronischen Medie\nn und Systemen. Inhalte und Rechte Dritter sind dabei als solche gekennzeichnet.\nDie unerlaubte Vervielf\u00e4ltigung oder Weitergabe einzelner Inhalte oder komplett\ner Seiten ist nicht gestattet und strafbar. Lediglich die Herstellung von Kopien\nund Downloads f\u00fcr den pers\u00f6nlichen, privaten und nicht kommerziellen Gebrauch i\nst erlaubt.<br \/><br \/>Die Darstellung dieser Website in fremden Frames ist nur\nmit schriftlicher Erlaubnis zul\u00e4ssig.<br \/><br \/>\u00a7 4 Besondere Nutzungsbedingung\nen<br \/>Soweit besondere Bedingungen f\u00fcr einzelne Nutzungen dieser Website von den vorgenannten Paragraphen abweichen, wird an entsprechender Stelle ausdr\u00fccklich darauf hingewiesen. In diesem Falle gelten im jeweiligen Einzelfall die besond\neren Nutzungsbedingungen.<p>Quelle: <a href=\"https:\/\/www.juraforum.de\">Infolink<\/a><\/p>","protected":false},"excerpt":{"rendered":"<p>Birgit PeetzKMU Coach und TrainerinR\u00f6merfeldstr . 2650259 Pulheim Telefon: 16096632677E-Mail: info@peetzcoaching.de Umsatzsteue r-ID: Umsatzsteuer-Identifikationsnummer nach \u00a727a Umsatzsteuerge setz:DE440498876 Berufshaftpflichtversicherung: R+V Allgemeine Versicherung AGRaiffeisenplatz 165189 WiesbadenGeltungsbereich: Weltweit, in USA und Kanada [&hellip;]<\/p>\n","protected":false},"author":1,"featured_media":0,"parent":0,"menu_order":0,"comment_status":"closed","ping_status":"closed","template":"","meta":{"_uag_custom_page_level_css":"","site-sidebar-layout":"default","site-content-layout":"","ast-site-content-layout":"default","site-content-style":"default","site-sidebar-style":"default","ast-global-header-display":"","ast-banner-title-visibility":"","ast-main-header-display":"","ast-hfb-above-header-display":"","ast-hfb-below-header-display":"","ast-hfb-mobile-header-display":"","site-post-title":"","ast-breadcrumbs-content":"","ast-featured-img":"","footer-sml-layout":"","ast-disable-related-posts":"","theme-transparent-header-meta":"","adv-header-id-meta":"","stick-header-meta":"","header-above-stick-meta":"","header-main-stick-meta":"","header-below-stick-meta":"","astra-migrate-meta-layouts":"set","ast-page-background-enabled":"default","ast-page-background-meta":{"desktop":{"background-color":"","background-image":"","background-repeat":"repeat","background-position":"center center","background-size":"auto","background-attachment":"scroll","background-type":"","background-media":"","overlay-type":"","overlay-color":"","overlay-opacity":"","overlay-gradient":""},"tablet":{"background-color":"","background-image":"","background-repeat":"repeat","background-position":"center center","background-size":"auto","background-attachment":"scroll","background-type":"","background-media":"","overlay-type":"","overlay-color":"","overlay-opacity":"","overlay-gradient":""},"mobile":{"background-color":"","background-image":"","background-repeat":"repeat","background-position":"center center","background-size":"auto","background-attachment":"scroll","background-type":"","background-media":"","overlay-type":"","overlay-color":"","overlay-opacity":"","overlay-gradient":""}},"ast-content-background-meta":{"desktop":{"background-color":"var(--ast-global-color-5)","background-image":"","background-repeat":"repeat","background-position":"center center","background-size":"auto","background-attachment":"scroll","background-type":"","background-media":"","overlay-type":"","overlay-color":"","overlay-opacity":"","overlay-gradient":""},"tablet":{"background-color":"var(--ast-global-color-5)","background-image":"","background-repeat":"repeat","background-position":"center center","background-size":"auto","background-attachment":"scroll","background-type":"","background-media":"","overlay-type":"","overlay-color":"","overlay-opacity":"","overlay-gradient":""},"mobile":{"background-color":"var(--ast-global-color-5)","background-image":"","background-repeat":"repeat","background-position":"center center","background-size":"auto","background-attachment":"scroll","background-type":"","background-media":"","overlay-type":"","overlay-color":"","overlay-opacity":"","overlay-gradient":""}},"footnotes":""},"class_list":["post-2897","page","type-page","status-publish","hentry"],"uagb_featured_image_src":{"full":false,"thumbnail":false,"medium":false,"medium_large":false,"large":false,"1536x1536":false,"2048x2048":false,"trp-custom-language-flag":false},"uagb_author_info":{"display_name":"admin","author_link":"https:\/\/peetzcoaching.de\/en\/author\/admin\/"},"uagb_comment_info":0,"uagb_excerpt":"Birgit PeetzKMU Coach und TrainerinR\u00f6merfeldstr . 2650259 Pulheim Telefon: 16096632677E-Mail: info@peetzcoaching.de Umsatzsteue r-ID: Umsatzsteuer-Identifikationsnummer nach \u00a727a Umsatzsteuerge setz:DE440498876 Berufshaftpflichtversicherung: R+V Allgemeine Versicherung AGRaiffeisenplatz 165189 WiesbadenGeltungsbereich: Weltweit, in USA und Kanada [&hellip;]","_links":{"self":[{"href":"https:\/\/peetzcoaching.de\/en\/wp-json\/wp\/v2\/pages\/2897","targetHints":{"allow":["GET"]}}],"collection":[{"href":"https:\/\/peetzcoaching.de\/en\/wp-json\/wp\/v2\/pages"}],"about":[{"href":"https:\/\/peetzcoaching.de\/en\/wp-json\/wp\/v2\/types\/page"}],"author":[{"embeddable":true,"href":"https:\/\/peetzcoaching.de\/en\/wp-json\/wp\/v2\/users\/1"}],"replies":[{"embeddable":true,"href":"https:\/\/peetzcoaching.de\/en\/wp-json\/wp\/v2\/comments?post=2897"}],"version-history":[{"count":19,"href":"https:\/\/peetzcoaching.de\/en\/wp-json\/wp\/v2\/pages\/2897\/revisions"}],"predecessor-version":[{"id":2939,"href":"https:\/\/peetzcoaching.de\/en\/wp-json\/wp\/v2\/pages\/2897\/revisions\/2939"}],"wp:attachment":[{"href":"https:\/\/peetzcoaching.de\/en\/wp-json\/wp\/v2\/media?parent=2897"}],"curies":[{"name":"wp","href":"https:\/\/api.w.org\/{rel}","templated":true}]}}